{"id":622,"date":"2025-12-07T00:09:44","date_gmt":"2025-12-07T00:09:44","guid":{"rendered":"https:\/\/carlozoli.it\/work000\/?page_id=622"},"modified":"2025-12-07T00:39:03","modified_gmt":"2025-12-07T00:39:03","slug":"biografia","status":"publish","type":"page","link":"https:\/\/carlozoli.it\/?page_id=622","title":{"rendered":"Biografia"},"content":{"rendered":"\t\t<div data-elementor-type=\"wp-page\" data-elementor-id=\"622\" class=\"elementor elementor-622\">\n\t\t\t\t<div class=\"aux-parallax-section elementor-element elementor-element-e79f66d e-flex e-con-boxed elementor-invisible e-con e-parent\" data-id=\"e79f66d\" data-element_type=\"container\" data-settings=\"{&quot;animation&quot;:&quot;zoomIn&quot;}\">\n\t\t\t\t\t<div class=\"e-con-inner\">\n\t\t\t\t<div class=\"elementor-element elementor-element-e4c2046 elementor-widget elementor-widget-heading\" data-id=\"e4c2046\" data-element_type=\"widget\" data-widget_type=\"heading.default\">\n\t\t\t\t<div class=\"elementor-widget-container\">\n\t\t\t\t\t<h2 class=\"elementor-heading-title elementor-size-default\">Biografia<\/h2>\t\t\t\t<\/div>\n\t\t\t\t<\/div>\n\t\t\t\t<div class=\"elementor-element elementor-element-a07db24 elementor-widget elementor-widget-aux-gallery\" data-id=\"a07db24\" data-element_type=\"widget\" data-widget_type=\"aux-gallery.default\">\n\t\t\t\t<div class=\"elementor-widget-container\">\n\t\t\t\t\t<section class=\"widget-container aux-widget-gallery aux-parent-au7864a7e7\"><div id='aux-gallery-1' class='aux-gallery galleryid-622 gallery-columns-3 aux-lightbox-gallery'><div class=\"aux-gallery-container aux-isotope-animated aux-row aux-de-col3 aux-tb-col2 aux-mb-col1 elementor-clickable aux-no-gutter aux-layout-masonry\"  data-pagination=\"false\" data-lazyload=\"false\" data-perpage=\"24\" data-layout=\"masonry\" data-space=\"10\" >    <figure class=\"gallery-item aux-hover-active aux-iso-item aux-col \">\n            <div class=\"aux-frame-mask-plain aux-frame-ratio \">\n                <a href=\"https:\/\/carlozoli.it\/wp-content\/uploads\/2025\/12\/IMG_6733-scaled.jpg\" class=\"aux-frame-ratio-inner aux-frame-darken aux-lightbox-btn \" data-elementor-open-lightbox=\"no\" data-original-width=\"1920\" data-original-height=\"2560\" data-caption=\"IMG_6733\">\n                                <div class=\"aux-hover-scale-circle-plus2\">\n                        <span class=\"aux-symbol-plus\"><\/span>\n                        <span class=\"aux-symbol-circle\"><\/span>\n                    <\/div>\n                        <img fetchpriority=\"high\" decoding=\"async\" width=\"300\" height=\"300\" src=\"https:\/\/carlozoli.it\/wp-content\/uploads\/2025\/12\/IMG_6733-300x300.jpg\" class=\"aux-attachment aux-featured-image attachment-300x300 aux-attachment-id-655 \" alt=\"IMG_6733\" srcset=\"https:\/\/carlozoli.it\/wp-content\/uploads\/2025\/12\/IMG_6733-150x150.jpg 150w,https:\/\/carlozoli.it\/wp-content\/uploads\/2025\/12\/IMG_6733-300x300.jpg 300w,https:\/\/carlozoli.it\/wp-content\/uploads\/2025\/12\/IMG_6733-768x768.jpg 768w,https:\/\/carlozoli.it\/wp-content\/uploads\/2025\/12\/IMG_6733-1024x1024.jpg 1024w,https:\/\/carlozoli.it\/wp-content\/uploads\/2025\/12\/IMG_6733-300x300.jpg 300w,https:\/\/carlozoli.it\/wp-content\/uploads\/2025\/12\/IMG_6733-scaled-1910x1910.jpg 1910w\" data-ratio=\"1\" data-original-w=\"1920\" sizes=\"(max-width:767px) 100vw,(min-width:768px) and (max-width:1025px) 50vw,380px\" \/>                <\/a>\n            <\/div>\n                <\/figure>\n    <figure class=\"gallery-item aux-hover-active aux-iso-item aux-col \">\n            <div class=\"aux-frame-mask-plain aux-frame-ratio \">\n                <a href=\"https:\/\/carlozoli.it\/wp-content\/uploads\/2025\/12\/reflex-scaled.jpg\" class=\"aux-frame-ratio-inner aux-frame-darken aux-lightbox-btn \" data-elementor-open-lightbox=\"no\" data-original-width=\"2560\" data-original-height=\"1693\" data-caption=\"reflex\">\n                                <div class=\"aux-hover-scale-circle-plus2\">\n                        <span class=\"aux-symbol-plus\"><\/span>\n                        <span class=\"aux-symbol-circle\"><\/span>\n                    <\/div>\n                        <img decoding=\"async\" width=\"300\" height=\"300\" src=\"https:\/\/carlozoli.it\/wp-content\/uploads\/2025\/12\/reflex-300x300.jpg\" class=\"aux-attachment aux-featured-image attachment-300x300 aux-attachment-id-643 \" alt=\"reflex\" srcset=\"https:\/\/carlozoli.it\/wp-content\/uploads\/2025\/12\/reflex-150x150.jpg 150w,https:\/\/carlozoli.it\/wp-content\/uploads\/2025\/12\/reflex-300x300.jpg 300w,https:\/\/carlozoli.it\/wp-content\/uploads\/2025\/12\/reflex-768x768.jpg 768w,https:\/\/carlozoli.it\/wp-content\/uploads\/2025\/12\/reflex-1024x1024.jpg 1024w,https:\/\/carlozoli.it\/wp-content\/uploads\/2025\/12\/reflex-300x300.jpg 300w,https:\/\/carlozoli.it\/wp-content\/uploads\/2025\/12\/reflex-scaled-2550x2550.jpg 2550w\" data-ratio=\"1\" data-original-w=\"2560\" sizes=\"(max-width:767px) 100vw,(min-width:768px) and (max-width:1025px) 50vw,380px\" \/>                <\/a>\n            <\/div>\n                <\/figure>\n    <figure class=\"gallery-item aux-hover-active aux-iso-item aux-col \">\n            <div class=\"aux-frame-mask-plain aux-frame-ratio \">\n                <a href=\"https:\/\/carlozoli.it\/wp-content\/uploads\/2025\/12\/IMG_6746-scaled.jpg\" class=\"aux-frame-ratio-inner aux-frame-darken aux-lightbox-btn \" data-elementor-open-lightbox=\"no\" data-original-width=\"1920\" data-original-height=\"2560\" data-caption=\"IMG_6746\">\n                                <div class=\"aux-hover-scale-circle-plus2\">\n                        <span class=\"aux-symbol-plus\"><\/span>\n                        <span class=\"aux-symbol-circle\"><\/span>\n                    <\/div>\n                        <img decoding=\"async\" width=\"300\" height=\"300\" src=\"https:\/\/carlozoli.it\/wp-content\/uploads\/2025\/12\/IMG_6746-300x300.jpg\" class=\"aux-attachment aux-featured-image attachment-300x300 aux-attachment-id-658 \" alt=\"IMG_6746\" srcset=\"https:\/\/carlozoli.it\/wp-content\/uploads\/2025\/12\/IMG_6746-150x150.jpg 150w,https:\/\/carlozoli.it\/wp-content\/uploads\/2025\/12\/IMG_6746-300x300.jpg 300w,https:\/\/carlozoli.it\/wp-content\/uploads\/2025\/12\/IMG_6746-768x768.jpg 768w,https:\/\/carlozoli.it\/wp-content\/uploads\/2025\/12\/IMG_6746-1024x1024.jpg 1024w,https:\/\/carlozoli.it\/wp-content\/uploads\/2025\/12\/IMG_6746-300x300.jpg 300w,https:\/\/carlozoli.it\/wp-content\/uploads\/2025\/12\/IMG_6746-scaled-1910x1910.jpg 1910w\" data-ratio=\"1\" data-original-w=\"1920\" sizes=\"(max-width:767px) 100vw,(min-width:768px) and (max-width:1025px) 50vw,380px\" \/>                <\/a>\n            <\/div>\n                <\/figure>\n<\/div><\/div><\/section><!-- widget-container --><style>.aux-parent-au7864a7e7 .aux-frame-ratio { padding-bottom:75% }<\/style>\t\t\t\t<\/div>\n\t\t\t\t<\/div>\n\t\t\t\t<div class=\"elementor-element elementor-element-fb6b4b7 elementor-widget elementor-widget-text-editor\" data-id=\"fb6b4b7\" data-element_type=\"widget\" data-widget_type=\"text-editor.default\">\n\t\t\t\t<div class=\"elementor-widget-container\">\n\t\t\t\t\t\t\t\t\t<p style=\"margin-bottom: 0cm;\"><span style=\"font-size: 16pt;\">Quarto discendente di una famiglia di ceramisti Faentini, Carlo Zoli e nato a Bari nel 1959 e dal 1967 vive e lavora a Faenza, dove tutt&#8217;ora lavora.<\/span><\/p><p style=\"margin-bottom: 0cm;\">\u00a0<\/p><p style=\"margin-bottom: 0cm;\"><span style=\"font-size: 16pt;\">Il bisnonno Carlo era ceramista a Borgo Durbecco a inizio &#8216;900; il nonno Paolo, pittore presso i fratelli Minardi, \u00e8 dal 1918 titolare con Pietro Melandri, Lino Fabbri e Amerigo Masotti della bottega \u201cLa Faience\u201d, da cui il rinnovamento della tradizione con nuove ricerche tecniche e stilistiche; il padre Francesco, a sua volta pittore, oltre che scultore era docente di decorazione artistica ed \u00e8 sotto la sua ala che si \u00e8 formato il giovane Carlo, nato a Bari, durante il periodo in cui il padre insegnava in Puglia, prima di ottenere la cattedra a Faenza e farvi ritorno con la famiglia nel 1977. Le qualit\u00e0 artistiche di Zoli si fanno presto apprezzare e dal 1985 inizia a esporre le sue opere in gallerie e istituzioni in Italia e all&#8217;estero. Da sempre predilige creare modellando l&#8217;argilla, e sono noti i suoi pezzi unici in terracotta policroma ispirati a mito, storia e leggenda. Le sue opere uniche sono caratterizzate da una continua ricerca di nuovi materiali e nuove tecniche da unirsi alla terracotta: smalti e rifiniture in oro al terzo fuoco, foglia d&#8217;oro, resine, gessi e metallo. La sua poetica \u00e8 ispirata alla vita e alla sua magnifica complessit\u00e0. Le lotte, le sfide, la forza ma anche la quiete e la serenit\u00e0. Il 2023 \u00e8 stato per Zoli un anno importante. Dapprima \u00e8 stato invitato a partecipare alla XIV Florence Biennale, diretta da Jacopo Celona, presenziando con il suo kermesse internazionale al World Art Dubai di marzo e portando per la prima volta la sua arte nel mondo arabo. \u00c8 seguita poi la consueta rassegna alla Fortezza da Basso di Firenze, importante appuntamento di cui Zoli ha presentato alcune opere inedite. In tale occasione l&#8217;artista ha vinto il premio internazionale Lorenzo il Magnifico nella categoria della ceramica, con I sacri fratelli ovvero Castore e Polluce, creazione che poi \u00e8 stata portata in mostra dall&#8217;11 al 28 gennaio 2024 alla prestigiosa Accademia delle Arti del disegno di Firenze, e poi sar\u00e0 esposta a Lugano presso Villa Ciani in occasione della manifestazione artistica YouNique.<\/span><\/p><p>\u00a0<\/p><p style=\"margin-bottom: 0cm;\">\u00a0<\/p>\t\t\t\t\t\t\t\t<\/div>\n\t\t\t\t<\/div>\n\t\t\t\t\t<\/div>\n\t\t\t\t<\/div>\n\t\t\t\t<\/div>\n\t\t","protected":false},"excerpt":{"rendered":"<p>Biografia Quarto discendente di una famiglia di ceramisti Faentini, Carlo Zoli e nato a Bari nel 1959 e dal 1967 vive e lavora a Faenza, dove tutt&#8217;ora lavora. \u00a0 Il bisnonno Carlo era ceramista a Borgo Durbecco a inizio &#8216;900; il nonno Paolo, pittore presso i fratelli Minardi, \u00e8 dal 1918 titolare con Pietro Melandri, [&hellip;]<\/p>\n","protected":false},"author":1,"featured_media":0,"parent":0,"menu_order":0,"comment_status":"closed","ping_status":"closed","template":"","meta":{"footnotes":""},"class_list":["post-622","page","type-page","status-publish","hentry"],"_links":{"self":[{"href":"https:\/\/carlozoli.it\/index.php?rest_route=\/wp\/v2\/pages\/622","targetHints":{"allow":["GET"]}}],"collection":[{"href":"https:\/\/carlozoli.it\/index.php?rest_route=\/wp\/v2\/pages"}],"about":[{"href":"https:\/\/carlozoli.it\/index.php?rest_route=\/wp\/v2\/types\/page"}],"author":[{"embeddable":true,"href":"https:\/\/carlozoli.it\/index.php?rest_route=\/wp\/v2\/users\/1"}],"replies":[{"embeddable":true,"href":"https:\/\/carlozoli.it\/index.php?rest_route=%2Fwp%2Fv2%2Fcomments&post=622"}],"version-history":[{"count":7,"href":"https:\/\/carlozoli.it\/index.php?rest_route=\/wp\/v2\/pages\/622\/revisions"}],"predecessor-version":[{"id":670,"href":"https:\/\/carlozoli.it\/index.php?rest_route=\/wp\/v2\/pages\/622\/revisions\/670"}],"wp:attachment":[{"href":"https:\/\/carlozoli.it\/index.php?rest_route=%2Fwp%2Fv2%2Fmedia&parent=622"}],"curies":[{"name":"wp","href":"https:\/\/api.w.org\/{rel}","templated":true}]}}